{"id":2,"date":"2026-04-26T12:47:42","date_gmt":"2026-04-26T12:47:42","guid":{"rendered":"http:\/\/observatoire1984.com\/?page_id=2"},"modified":"2026-04-26T15:38:30","modified_gmt":"2026-04-26T15:38:30","slug":"sample-page","status":"publish","type":"page","link":"https:\/\/observatoire1984.com\/index.php\/sample-page\/","title":{"rendered":"A propos"},"content":{"rendered":"\n<p>L&#8217;Observatoire 1984 analyse les risques de surveillance num\u00e9rique pour prot\u00e9ger les libert\u00e9s fondamentales.<\/p>\n\n\n\n<p>Face \u00e0 un Internet de plus en plus centr\u00e9 autour du contr\u00f4le, que ce soit au niveau des entreprises priv\u00e9es ou des \u00e9tats, nous analysons les transformations du num\u00e9rique, documentons les m\u00e9canismes de surveillance et soutenons des alternatives techniques respectueuses de la vie priv\u00e9e. <\/p>\n\n\n\n<p>Nous produisons des rapports ind\u00e9pendants qui influencent le d\u00e9bat et les politiques publiques, nous menons des actions d&#8217;\u00e9ducation et de sensibilisation aux risques de l&#8217;environnement num\u00e9rique.<\/p>\n\n\n\n<blockquote class=\"wp-block-quote is-layout-flow wp-block-quote-is-layout-flow\">\n<p>D\u00e9fendre la libert\u00e9 \u00e0 l&#8217;\u00e8re num\u00e9rique<\/p>\n<\/blockquote>\n\n\n\n<p>Engag\u00e9s contre la g\u00e9n\u00e9ralisation des logiques de surveillance dans l&#8217;espace num\u00e9rique et public, nous sommes un un groupe de chercheurs dans une association ind\u00e9pendante, non-partisane et  \u00e0 but non lucratif. <\/p>\n\n\n\n<p><\/p>\n","protected":false},"excerpt":{"rendered":"<p>L&#8217;Observatoire 1984 analyse les risques de surveillance num\u00e9rique pour prot\u00e9ger les libert\u00e9s fondamentales. Face \u00e0 un Internet de plus en plus centr\u00e9 autour du contr\u00f4le, que ce soit au niveau des entreprises priv\u00e9es ou des \u00e9tats, nous analysons les transformations du num\u00e9rique, documentons les m\u00e9canismes de surveillance et soutenons des alternatives techniques respectueuses de la &hellip; <\/p>\n<p class=\"link-more\"><a href=\"https:\/\/observatoire1984.com\/index.php\/sample-page\/\" class=\"more-link\">Read more<span class=\"screen-reader-text\"> &#8220;A propos&#8221;<\/span><\/a><\/p>\n","protected":false},"author":1,"featured_media":0,"parent":0,"menu_order":0,"comment_status":"closed","ping_status":"open","template":"","meta":{"inspiro_hide_title":false,"footnotes":""},"class_list":["post-2","page","type-page","status-publish","hentry"],"_links":{"self":[{"href":"https:\/\/observatoire1984.com\/index.php\/wp-json\/wp\/v2\/pages\/2","targetHints":{"allow":["GET"]}}],"collection":[{"href":"https:\/\/observatoire1984.com\/index.php\/wp-json\/wp\/v2\/pages"}],"about":[{"href":"https:\/\/observatoire1984.com\/index.php\/wp-json\/wp\/v2\/types\/page"}],"author":[{"embeddable":true,"href":"https:\/\/observatoire1984.com\/index.php\/wp-json\/wp\/v2\/users\/1"}],"replies":[{"embeddable":true,"href":"https:\/\/observatoire1984.com\/index.php\/wp-json\/wp\/v2\/comments?post=2"}],"version-history":[{"count":2,"href":"https:\/\/observatoire1984.com\/index.php\/wp-json\/wp\/v2\/pages\/2\/revisions"}],"predecessor-version":[{"id":12,"href":"https:\/\/observatoire1984.com\/index.php\/wp-json\/wp\/v2\/pages\/2\/revisions\/12"}],"wp:attachment":[{"href":"https:\/\/observatoire1984.com\/index.php\/wp-json\/wp\/v2\/media?parent=2"}],"curies":[{"name":"wp","href":"https:\/\/api.w.org\/{rel}","templated":true}]}}